{"id":219,"date":"2022-08-16T05:54:36","date_gmt":"2022-08-16T05:54:36","guid":{"rendered":"https:\/\/feuerwehrlac.vicha.ch\/?page_id=219"},"modified":"2025-06-12T12:02:43","modified_gmt":"2025-06-12T12:02:43","slug":"ausbildung","status":"publish","type":"page","link":"https:\/\/feuerwehr-see.ch\/fr\/ausbildung\/","title":{"rendered":"FORMATION"},"content":{"rendered":"<div id=\"gutenslider-u2z1tpq4b\" class=\"wp-block-eedee-block-gutenslider gs-frontend content-change alignfull arrow-style-1 arrow-position-sides arrow-mb-none arrows-lg arrows-md arrows-sm dot-style-1 dots-lg dots-md dots-sm dot-position-bottom is-position-center-center mb-none wrap-auto-height\" data-parallax-direction=\"down\" data-parallax-amount=\"1.3\" data-lg-transition=\"lg-slide\" data-hash=\"\" ><div class=\"eedee-swiper-outer\" style=\"--gutenslider-min-height: 50vh;--gutenslider-arrow-size: 30px;--gutenslider-dot-size: 25px;--gutenslider-arrow-color: #ffffff;--gutenslider-dot-color: #ffffff;--gutenslider-padding-y-mobile: 40px;--gutenslider-padding-x-mobile: 40px;--gutenslider-padding-y-tablet: 40px;--gutenslider-padding-x-tablet: 40px;--gutenslider-padding-y-desktop: 40px;--gutenslider-padding-x-desktop: 40px;--gutenslider-bg-image: url();--gutenslider-min-height-md: 50vh;--gutenslider-min-height-sm: 50vh;--gutenslider-padding-x: 40px;--gutenslider-padding-x-md: 40px;--gutenslider-padding-x-sm: 20px;--gutenslider-padding-y: 40px;--gutenslider-padding-y-md: 40px;--gutenslider-padding-y-sm: 20px;--gutenslider-arrow-size-md: 30px;--gutenslider-arrow-size-sm: 30px;--gutenslider-dot-size-md: 25px;--gutenslider-dot-size-sm: 25px;--gutenslider-arrow-bg-color: transparent;--gutenslider-arrow-hover-color: #eeeeee;--gutenslider-arrow-bg-hover-color: transparent;--gutenslider-arrow-x-offset: 10px;--gutenslider-arrow-x-offset-md: 10px;--gutenslider-arrow-x-offset-sm: 10px;--gutenslider-arrow-y-offset: 0px;--gutenslider-arrow-y-offset-md: 0px;--gutenslider-arrow-y-offset-sm: 0px;--gutenslider-arrow-x-spacing: 0px;--gutenslider-dot-y-offset: 10px;--gutenslider-dot-y-offset-md: 10px;--gutenslider-dot-y-offset-sm: 10px;--gutenslider-margin-x: 0px;--gutenslider-margin-x-md: 0px;--gutenslider-margin-x-sm: 0px;--gutenslider-margin-y: 0px;--gutenslider-margin-y-md: 0px;--gutenslider-margin-y-sm: 0px;--gutenslider-divider-top: 60px;--gutenslider-divider-bottom: 60px;--gutenslider-lightgallery-bg: #ffffff;--gutenslider-lightgallery-font: #000000;--gs-first-pos: 50% 50%;--gs-gap-vertical: var( --wp--style--gallery-gap-default, var( --gallery-block--gutter-size, var( --wp--style--block-gap, 0.5em ) ) );--gs-gap-horizontal: var( --wp--style--gallery-gap-default, var( --gallery-block--gutter-size, var( --wp--style--block-gap, 0.5em ) ) );\"><div class=\"gutenslider-divider-top\" style=\"color:#fff;\"><\/div><div class=\"swiper\" data-settings='{\"autoplay\":{\"delay\":3000,\"pauseOnMouseEnter\":true,\"disableOnInteraction\":false},\"speed\":700,\"direction\":\"horizontal\",\"autoHeight\":\"\",\"loop\":true,\"centeredSlides\":true,\"spaceBetween\":0,\"slidesPerView\":1,\"slidesPerGroup\":1,\"effect\":\"slide\",\"coverflowEffect\":{\"rotate\":30,\"slideShadows\":false,\"depth\":100,\"stretch\":50,\"modifier\":1},\"fadeEffect\":{\"crossFade\":true},\"zoom\":\"\",\"navigation\":{\"nextEl\":\"#gutenslider-u2z1tpq4b .eedee-gutenslider-next\",\"prevEl\":\"#gutenslider-u2z1tpq4b .eedee-gutenslider-prev\"},\"pagination\":{\"type\":\"bullets\",\"clickable\":true,\"dynamicBullets\":false,\"el\":\"#gutenslider-u2z1tpq4b .eedee-gutenslider-pagination\"},\"pauseOnHover\":\"1\",\"watchSlidesProgress\":true,\"watchSlidesVisibility\":true,\"settingsMd\":{\"autoHeight\":\"\",\"slidesPerView\":1,\"slidesPerGroup\":1,\"spaceBetween\":0,\"loop\":true},\"settingsLg\":{\"autoHeight\":\"\",\"slidesPerView\":1,\"slidesPerGroup\":1,\"spaceBetween\":0,\"loop\":true},\"hasLg\":false,\"hasLgCounter\":true,\"isFullScreen\":false,\"arrowsFollowMouse\":false,\"lgTitle\":\"none\",\"lgCaption\":\"none\",\"lgThumbnails\":true,\"lgZoomEnabled\":false,\"keyboard\":{\"keyboard\":{\"enabled\":true,\"onlyInViewport\":true}},\"hashNavigation\":false,\"dividers\":false}'><div class=\"swiper-wrapper\">\n<div class=\"swiper-slide wp-block-eedee-block-gutenslide is-position-center-center ed-bg-image\" style=\"--ed-vw:300;--ed-vh:119;\" data-hash=\"\"><div class=\"eedee-background-div bg-image\"><img loading=\"lazy\" width=\"1024\" height=\"407\" class=\"wp-image-131\" src=\"https:\/\/feuerwehr-see.ch\/wp-content\/uploads\/2022\/08\/gebauede_feuerwehr_see_lac_murten-1-1024x407.jpg\" alt=\"\" decoding=\"async\" style=\"object-fit: cover; object-position: 50% 50%;\"  data-title=\"gebauede_feuerwehr_see_lac_murten\" srcset=\"https:\/\/feuerwehr-see.ch\/wp-content\/uploads\/2022\/08\/gebauede_feuerwehr_see_lac_murten-1-1024x407.jpg 1024w, https:\/\/feuerwehr-see.ch\/wp-content\/uploads\/2022\/08\/gebauede_feuerwehr_see_lac_murten-1-300x119.jpg 300w, https:\/\/feuerwehr-see.ch\/wp-content\/uploads\/2022\/08\/gebauede_feuerwehr_see_lac_murten-1-768x305.jpg 768w, https:\/\/feuerwehr-see.ch\/wp-content\/uploads\/2022\/08\/gebauede_feuerwehr_see_lac_murten-1-1600x636.jpg 1600w, https:\/\/feuerwehr-see.ch\/wp-content\/uploads\/2022\/08\/gebauede_feuerwehr_see_lac_murten-1-1536x611.jpg 1536w, https:\/\/feuerwehr-see.ch\/wp-content\/uploads\/2022\/08\/gebauede_feuerwehr_see_lac_murten-1-2048x814.jpg 2048w\" sizes=\"auto, (max-width: 1024px) 100vw, 1024px\" \/><div class=\"eedee-background-div__overlay\" style=\"opacity:1;\"><\/div><\/div><div class=\"slide-content\">\n\n<p class=\"has-text-align-center gutenslider-content-initial has-larger-font-size\"><\/p>\n\n<\/div><\/div>\n\n<div class=\"swiper-slide wp-block-eedee-block-gutenslide is-position-center-center ed-bg-image\" style=\"--ed-vw:300;--ed-vh:119;\" data-hash=\"\"><div class=\"eedee-background-div bg-image\"><img loading=\"lazy\" width=\"1024\" height=\"407\" class=\"wp-image-127\" src=\"https:\/\/feuerwehr-see.ch\/wp-content\/uploads\/2022\/08\/feuerwehr_magazin_nachtaufnahme_2400_954-1024x407.jpg\" alt=\"\" decoding=\"async\" style=\"object-fit: cover; object-position: 50% 50%;\"  data-title=\"feuerwehr_magazin_nachtaufnahme_2400_954\" srcset=\"https:\/\/feuerwehr-see.ch\/wp-content\/uploads\/2022\/08\/feuerwehr_magazin_nachtaufnahme_2400_954-1024x407.jpg 1024w, https:\/\/feuerwehr-see.ch\/wp-content\/uploads\/2022\/08\/feuerwehr_magazin_nachtaufnahme_2400_954-300x119.jpg 300w, https:\/\/feuerwehr-see.ch\/wp-content\/uploads\/2022\/08\/feuerwehr_magazin_nachtaufnahme_2400_954-768x305.jpg 768w, https:\/\/feuerwehr-see.ch\/wp-content\/uploads\/2022\/08\/feuerwehr_magazin_nachtaufnahme_2400_954-1600x636.jpg 1600w, https:\/\/feuerwehr-see.ch\/wp-content\/uploads\/2022\/08\/feuerwehr_magazin_nachtaufnahme_2400_954-1536x611.jpg 1536w, https:\/\/feuerwehr-see.ch\/wp-content\/uploads\/2022\/08\/feuerwehr_magazin_nachtaufnahme_2400_954-2048x814.jpg 2048w\" sizes=\"auto, (max-width: 1024px) 100vw, 1024px\" \/><div class=\"eedee-background-div__overlay\" style=\"opacity:1;\"><\/div><\/div><div class=\"slide-content\">\n\n<p class=\"has-text-align-center gutenslider-content-initial has-larger-font-size\"><\/p>\n\n<\/div><\/div>\n\n<div class=\"swiper-slide wp-block-eedee-block-gutenslide is-position-center-center ed-bg-image\" style=\"--ed-vw:300;--ed-vh:119;\" data-hash=\"\"><div class=\"eedee-background-div bg-image\"><img loading=\"lazy\" width=\"1024\" height=\"407\" class=\"wp-image-128\" src=\"https:\/\/feuerwehr-see.ch\/wp-content\/uploads\/2022\/08\/feuerwehr_sapeurs_nachtaufnahm_2400_954_1-1024x407.jpg\" alt=\"\" decoding=\"async\" style=\"object-fit: cover; object-position: 50% 50%;\"  data-title=\"feuerwehr_sapeurs_nachtaufnahm_2400_954_1\" srcset=\"https:\/\/feuerwehr-see.ch\/wp-content\/uploads\/2022\/08\/feuerwehr_sapeurs_nachtaufnahm_2400_954_1-1024x407.jpg 1024w, https:\/\/feuerwehr-see.ch\/wp-content\/uploads\/2022\/08\/feuerwehr_sapeurs_nachtaufnahm_2400_954_1-300x119.jpg 300w, https:\/\/feuerwehr-see.ch\/wp-content\/uploads\/2022\/08\/feuerwehr_sapeurs_nachtaufnahm_2400_954_1-768x305.jpg 768w, https:\/\/feuerwehr-see.ch\/wp-content\/uploads\/2022\/08\/feuerwehr_sapeurs_nachtaufnahm_2400_954_1-1600x636.jpg 1600w, https:\/\/feuerwehr-see.ch\/wp-content\/uploads\/2022\/08\/feuerwehr_sapeurs_nachtaufnahm_2400_954_1-1536x611.jpg 1536w, https:\/\/feuerwehr-see.ch\/wp-content\/uploads\/2022\/08\/feuerwehr_sapeurs_nachtaufnahm_2400_954_1-2048x814.jpg 2048w\" sizes=\"auto, (max-width: 1024px) 100vw, 1024px\" \/><div class=\"eedee-background-div__overlay\" style=\"opacity:1;\"><\/div><\/div><div class=\"slide-content\">\n\n<p class=\"has-text-align-center gutenslider-content-initial has-larger-font-size\"><\/p>\n\n<\/div><\/div>\n\n<div class=\"swiper-slide wp-block-eedee-block-gutenslide is-position-center-center ed-bg-image\" style=\"--ed-vw:300;--ed-vh:119;\" data-hash=\"\"><div class=\"eedee-background-div bg-image\"><img loading=\"lazy\" width=\"1024\" height=\"407\" class=\"wp-image-132\" src=\"https:\/\/feuerwehr-see.ch\/wp-content\/uploads\/2022\/08\/IMG_4437_feuerwehr_auto_2400_954_ausschnitt-1024x407.jpg\" alt=\"\" decoding=\"async\" style=\"object-fit: cover; object-position: 50% 50%;\"  data-title=\"IMG_4437_feuerwehr_auto_2400_954_ausschnitt\" srcset=\"https:\/\/feuerwehr-see.ch\/wp-content\/uploads\/2022\/08\/IMG_4437_feuerwehr_auto_2400_954_ausschnitt-1024x407.jpg 1024w, https:\/\/feuerwehr-see.ch\/wp-content\/uploads\/2022\/08\/IMG_4437_feuerwehr_auto_2400_954_ausschnitt-300x119.jpg 300w, https:\/\/feuerwehr-see.ch\/wp-content\/uploads\/2022\/08\/IMG_4437_feuerwehr_auto_2400_954_ausschnitt-768x305.jpg 768w, https:\/\/feuerwehr-see.ch\/wp-content\/uploads\/2022\/08\/IMG_4437_feuerwehr_auto_2400_954_ausschnitt-1600x636.jpg 1600w, https:\/\/feuerwehr-see.ch\/wp-content\/uploads\/2022\/08\/IMG_4437_feuerwehr_auto_2400_954_ausschnitt-1536x611.jpg 1536w, https:\/\/feuerwehr-see.ch\/wp-content\/uploads\/2022\/08\/IMG_4437_feuerwehr_auto_2400_954_ausschnitt-2048x814.jpg 2048w\" sizes=\"auto, (max-width: 1024px) 100vw, 1024px\" \/><div class=\"eedee-background-div__overlay\" style=\"opacity:1;\"><\/div><\/div><div class=\"slide-content\">\n\n<p class=\"has-text-align-center gutenslider-content-initial has-larger-font-size\"><\/p>\n\n<\/div><\/div>\n\n<div class=\"swiper-slide wp-block-eedee-block-gutenslide is-position-center-center ed-bg-image\" style=\"--ed-vw:300;--ed-vh:119;\" data-hash=\"\"><div class=\"eedee-background-div bg-image\"><img loading=\"lazy\" width=\"1024\" height=\"407\" class=\"wp-image-140\" src=\"https:\/\/feuerwehr-see.ch\/wp-content\/uploads\/2022\/08\/AdobeStock_331913880_2400_954-1024x407.jpg\" alt=\"\" decoding=\"async\" style=\"object-fit: cover; object-position: 50% 50%;\"  data-title=\"AdobeStock_331913880_2400_954\" srcset=\"https:\/\/feuerwehr-see.ch\/wp-content\/uploads\/2022\/08\/AdobeStock_331913880_2400_954-1024x407.jpg 1024w, https:\/\/feuerwehr-see.ch\/wp-content\/uploads\/2022\/08\/AdobeStock_331913880_2400_954-300x119.jpg 300w, https:\/\/feuerwehr-see.ch\/wp-content\/uploads\/2022\/08\/AdobeStock_331913880_2400_954-768x305.jpg 768w, https:\/\/feuerwehr-see.ch\/wp-content\/uploads\/2022\/08\/AdobeStock_331913880_2400_954-1600x636.jpg 1600w, https:\/\/feuerwehr-see.ch\/wp-content\/uploads\/2022\/08\/AdobeStock_331913880_2400_954-1536x611.jpg 1536w, https:\/\/feuerwehr-see.ch\/wp-content\/uploads\/2022\/08\/AdobeStock_331913880_2400_954-2048x814.jpg 2048w\" sizes=\"auto, (max-width: 1024px) 100vw, 1024px\" \/><div class=\"eedee-background-div__overlay\" style=\"opacity:1;\"><\/div><\/div><div class=\"slide-content\">\n\n<p class=\"has-text-align-center gutenslider-content-initial has-larger-font-size\"><\/p>\n\n<\/div><\/div>\n<\/div><\/div><button class=\"eedee-gutenslider-nav eedee-gutenslider-prev\"><svg xmlns=\"http:\/\/www.w3.org\/2000\/svg\" viewbox=\"0 0 24 24\" width=\"24\" height=\"24\"><circle class=\"bg\" cx=\"13\" cy=\"12\" r=\"11\" \/><path fill=\"none\" d=\"M0 0h24v24H0z\"\/><path class=\"arrow\" d=\"M10.828 12l4.95 4.95-1.414 1.414L8 12l6.364-6.364 1.414 1.414z\"\/><\/svg><\/button><button class=\"eedee-gutenslider-nav eedee-gutenslider-next\"><svg xmlns=\"http:\/\/www.w3.org\/2000\/svg\" viewbox=\"0 0 24 24\" width=\"24\" height=\"24\"><circle class=\"bg\" cx=\"11\" cy=\"12\" r=\"11\" \/><path fill=\"none\" d=\"M0 0h24v24H0z\"\/><path class=\"arrow\" d=\"M13.172 12l-4.95-4.95 1.414-1.414L16 12l-6.364 6.364-1.414-1.414z\"\/><\/svg><\/button><div class=\"eedee-gutenslider-pagination\"><\/div><div class=\"gutenslider-divider-bottom\" style=\"color:#fff;\"><\/div><\/div><\/div>\n\n<div class=\"gb-container gb-container-24bd624f\"><div class=\"gb-inside-container\">\n\n<h2 class=\"wp-block-heading\">FORMATION <\/h2>\n\n\n\n<p>Jede Frau, jeder Mann kann ab vollendetem 18. Lebensjahr Angeh\u00f6riger der Feuerwehr (AdF) werden, wenn gewisse Voraussetzungen erf\u00fcllt sind, u.a. betreffend Gesundheit und Fitness.<\/p>\n\n\n\n<p>La formation des pompiers volontaires n'est pas la m\u00eame que celle des membres des corps de sapeurs-pompiers professionnels. Les pompiers volontaires effectuent les interventions pendant leur temps libre et exercent en parall\u00e8le une activit\u00e9 professionnelle principale. La formation est organis\u00e9e diff\u00e9remment selon les cantons. Pour le sapeur-pompier professionnel, il s'agit d'une activit\u00e9 principale, il suit une formation uniforme avec un brevet f\u00e9d\u00e9ral.<\/p>\n\n\n\n<p>Dans le canton de Fribourg, il n'y a pas de corps de sapeurs-pompiers professionnels, les sapeurs-pompiers sont tous des miliciens.<\/p>\n\n\n\n<p><strong>Formation<\/strong>:<\/p>\n\n\n\n<p>La premi\u00e8re ann\u00e9e, ils suivent une formation de base de deux jours, puis une formation de 40 \u00e0 70 heures r\u00e9parties sur l'ann\u00e9e.<\/p>\n\n\n\n<p>Pour le canton de Fribourg, cela signifie:<br>2 jours de formation de base technique<br>2 jours de formation de base protection respiratoire<br>Formations continues ou sp\u00e9ciales et exercices r\u00e9guliers les ann\u00e9es suivantes<\/p>\n\n\n\n<p>D\u00e8s que l'instruction de base est termin\u00e9e, le\/la militaire est int\u00e9gr\u00e9(e) dans une compagnie avec laquelle il\/elle participe \u00e0 des interventions.<\/p>\n\n\n\n<p>Plus d'informations sous:<br><a href=\"\/fr\/www.118-info.ch\/fr\/\">www.118-info.ch\/fr<\/a><br><a href=\"https:\/\/www.swissfire.ch\/\">www.swissfire.ch\/home-fr<\/a><br><a href=\"https:\/\/www.ecab.ch\/de\/partner\/feuerwehr\/feuerwehrausbildungen\/\">www.ecab.ch\/partenaires\/prevention\/formation-prevention\/<\/a><\/p>\n\n<\/div><\/div>\n\n<div class=\"gb-container gb-container-88d6b567 alignfull\"><div class=\"gb-inside-container\"><\/div><\/div>","protected":false},"excerpt":{"rendered":"<p>AUSBILDUNG Jede Frau, jeder Mann kann ab vollendetem 18. Lebensjahr Angeh\u00f6riger der Feuerwehr (AdF) werden, wenn gewisse Voraussetzungen erf\u00fcllt sind, u.a. betreffend Gesundheit und Fitness. Die Ausbildung f\u00fcr die freiwilligen Feuerwehrleute ist nicht dieselbe wie f\u00fcr die Mitglieder der Berufsfeuerwehr. Die freiwilligen Feuerwehrleute f\u00fchren die Eins\u00e4tze in ihrer Freizeit durch und gehen daneben einer beruflichen &#8230; <a title=\"FORMATION\" class=\"read-more\" href=\"https:\/\/feuerwehr-see.ch\/fr\/ausbildung\/\" aria-label=\"En savoir plus sur AUSBILDUNG\">Lire plus<\/a><\/p>","protected":false},"author":1,"featured_media":0,"parent":0,"menu_order":0,"comment_status":"closed","ping_status":"closed","template":"","meta":{"advgb_blocks_editor_width":"","advgb_blocks_columns_visual_guide":"","footnotes":""},"class_list":["post-219","page","type-page","status-publish"],"coauthors":[],"author_meta":{"author_link":"https:\/\/feuerwehr-see.ch\/fr\/author\/seelac20\/","display_name":"Seelac20"},"relative_dates":{"created":"Publi\u00e9 4 ans il y a","modified":"Mis \u00e0 jour 10 mois il y a"},"absolute_dates":{"created":"Publi\u00e9 le 16. ao\u00fbt 2022","modified":"Mise \u00e0 jour le 12. juin 2025"},"absolute_dates_time":{"created":"Publi\u00e9 le 16. ao\u00fbt 2022 5:54","modified":"Mise \u00e0 jour le 12. juin 2025 12:02"},"featured_img_caption":"","featured_img":false,"series_order":"","_links":{"self":[{"href":"https:\/\/feuerwehr-see.ch\/fr\/wp-json\/wp\/v2\/pages\/219","targetHints":{"allow":["GET"]}}],"collection":[{"href":"https:\/\/feuerwehr-see.ch\/fr\/wp-json\/wp\/v2\/pages"}],"about":[{"href":"https:\/\/feuerwehr-see.ch\/fr\/wp-json\/wp\/v2\/types\/page"}],"author":[{"embeddable":true,"href":"https:\/\/feuerwehr-see.ch\/fr\/wp-json\/wp\/v2\/users\/1"}],"replies":[{"embeddable":true,"href":"https:\/\/feuerwehr-see.ch\/fr\/wp-json\/wp\/v2\/comments?post=219"}],"version-history":[{"count":25,"href":"https:\/\/feuerwehr-see.ch\/fr\/wp-json\/wp\/v2\/pages\/219\/revisions"}],"predecessor-version":[{"id":1035,"href":"https:\/\/feuerwehr-see.ch\/fr\/wp-json\/wp\/v2\/pages\/219\/revisions\/1035"}],"wp:attachment":[{"href":"https:\/\/feuerwehr-see.ch\/fr\/wp-json\/wp\/v2\/media?parent=219"}],"curies":[{"name":"wp","href":"https:\/\/api.w.org\/{rel}","templated":true}]}}