{"id":705,"date":"2023-08-14T14:07:25","date_gmt":"2023-08-14T14:07:25","guid":{"rendered":"https:\/\/feuerwehrlac.vicha.ch\/?page_id=705"},"modified":"2023-08-14T14:07:25","modified_gmt":"2023-08-14T14:07:25","slug":"impressum","status":"publish","type":"page","link":"https:\/\/feuerwehr-see.ch\/de\/impressum\/","title":{"rendered":"Impressum"},"content":{"rendered":"<div id=\"gutenslider-u2z1tpq4b\" class=\"wp-block-eedee-block-gutenslider gs-frontend content-change alignfull arrow-style-1 arrow-position-sides arrow-mb-none arrows-lg arrows-md arrows-sm dot-style-1 dots-lg dots-md dots-sm dot-position-bottom is-position-center-center mb-none wrap-auto-height\" data-parallax-direction=\"down\" data-parallax-amount=\"1.3\" data-lg-transition=\"lg-slide\" data-hash=\"\" ><div class=\"eedee-swiper-outer\" style=\"--gutenslider-min-height: 50vh;--gutenslider-arrow-size: 30px;--gutenslider-dot-size: 25px;--gutenslider-arrow-color: #ffffff;--gutenslider-dot-color: #ffffff;--gutenslider-padding-y-mobile: 40px;--gutenslider-padding-x-mobile: 40px;--gutenslider-padding-y-tablet: 40px;--gutenslider-padding-x-tablet: 40px;--gutenslider-padding-y-desktop: 40px;--gutenslider-padding-x-desktop: 40px;--gutenslider-bg-image: url();--gutenslider-min-height-md: 50vh;--gutenslider-min-height-sm: 50vh;--gutenslider-padding-x: 40px;--gutenslider-padding-x-md: 40px;--gutenslider-padding-x-sm: 20px;--gutenslider-padding-y: 40px;--gutenslider-padding-y-md: 40px;--gutenslider-padding-y-sm: 20px;--gutenslider-arrow-size-md: 30px;--gutenslider-arrow-size-sm: 30px;--gutenslider-dot-size-md: 25px;--gutenslider-dot-size-sm: 25px;--gutenslider-arrow-bg-color: transparent;--gutenslider-arrow-hover-color: #eeeeee;--gutenslider-arrow-bg-hover-color: transparent;--gutenslider-arrow-x-offset: 10px;--gutenslider-arrow-x-offset-md: 10px;--gutenslider-arrow-x-offset-sm: 10px;--gutenslider-arrow-y-offset: 0px;--gutenslider-arrow-y-offset-md: 0px;--gutenslider-arrow-y-offset-sm: 0px;--gutenslider-arrow-x-spacing: 0px;--gutenslider-dot-y-offset: 10px;--gutenslider-dot-y-offset-md: 10px;--gutenslider-dot-y-offset-sm: 10px;--gutenslider-margin-x: 0px;--gutenslider-margin-x-md: 0px;--gutenslider-margin-x-sm: 0px;--gutenslider-margin-y: 0px;--gutenslider-margin-y-md: 0px;--gutenslider-margin-y-sm: 0px;--gutenslider-divider-top: 60px;--gutenslider-divider-bottom: 60px;--gutenslider-lightgallery-bg: #ffffff;--gutenslider-lightgallery-font: #000000;--gs-first-pos: 50% 50%;--gs-gap-vertical: var( --wp--style--gallery-gap-default, var( --gallery-block--gutter-size, var( --wp--style--block-gap, 0.5em ) ) );--gs-gap-horizontal: var( --wp--style--gallery-gap-default, var( --gallery-block--gutter-size, var( --wp--style--block-gap, 0.5em ) ) );\"><div class=\"gutenslider-divider-top\" style=\"color:#fff;\"><\/div><div class=\"swiper\" data-settings='{\"autoplay\":{\"delay\":3000,\"pauseOnMouseEnter\":true,\"disableOnInteraction\":false},\"speed\":700,\"direction\":\"horizontal\",\"autoHeight\":\"\",\"loop\":true,\"centeredSlides\":true,\"spaceBetween\":0,\"slidesPerView\":1,\"slidesPerGroup\":1,\"effect\":\"slide\",\"coverflowEffect\":{\"rotate\":30,\"slideShadows\":false,\"depth\":100,\"stretch\":50,\"modifier\":1},\"fadeEffect\":{\"crossFade\":true},\"zoom\":\"\",\"navigation\":{\"nextEl\":\"#gutenslider-u2z1tpq4b .eedee-gutenslider-next\",\"prevEl\":\"#gutenslider-u2z1tpq4b .eedee-gutenslider-prev\"},\"pagination\":{\"type\":\"bullets\",\"clickable\":true,\"dynamicBullets\":false,\"el\":\"#gutenslider-u2z1tpq4b .eedee-gutenslider-pagination\"},\"pauseOnHover\":\"1\",\"watchSlidesProgress\":true,\"watchSlidesVisibility\":true,\"settingsMd\":{\"autoHeight\":\"\",\"slidesPerView\":1,\"slidesPerGroup\":1,\"spaceBetween\":0,\"loop\":true},\"settingsLg\":{\"autoHeight\":\"\",\"slidesPerView\":1,\"slidesPerGroup\":1,\"spaceBetween\":0,\"loop\":true},\"hasLg\":false,\"hasLgCounter\":true,\"isFullScreen\":false,\"arrowsFollowMouse\":false,\"lgTitle\":\"none\",\"lgCaption\":\"none\",\"lgThumbnails\":true,\"lgZoomEnabled\":false,\"keyboard\":{\"keyboard\":{\"enabled\":true,\"onlyInViewport\":true}},\"hashNavigation\":false,\"dividers\":false}'><div class=\"swiper-wrapper\">\n<div class=\"swiper-slide wp-block-eedee-block-gutenslide is-position-center-center ed-bg-image\" style=\"--ed-vw:300;--ed-vh:119;\" data-hash=\"\"><div class=\"eedee-background-div bg-image\"><img loading=\"lazy\" width=\"1024\" height=\"407\" class=\"wp-image-512\" src=\"https:\/\/feuerwehr-see.ch\/wp-content\/uploads\/2022\/09\/service_du_feu_2_slider-1024x407.jpg\" alt=\"\" decoding=\"async\" style=\"object-fit: cover; object-position: 50% 50%;\"  data-title=\"service_du_feu_2_slider\" srcset=\"https:\/\/feuerwehr-see.ch\/wp-content\/uploads\/2022\/09\/service_du_feu_2_slider-1024x407.jpg 1024w, https:\/\/feuerwehr-see.ch\/wp-content\/uploads\/2022\/09\/service_du_feu_2_slider-300x119.jpg 300w, https:\/\/feuerwehr-see.ch\/wp-content\/uploads\/2022\/09\/service_du_feu_2_slider-768x305.jpg 768w, https:\/\/feuerwehr-see.ch\/wp-content\/uploads\/2022\/09\/service_du_feu_2_slider-1600x636.jpg 1600w, https:\/\/feuerwehr-see.ch\/wp-content\/uploads\/2022\/09\/service_du_feu_2_slider-1536x611.jpg 1536w, https:\/\/feuerwehr-see.ch\/wp-content\/uploads\/2022\/09\/service_du_feu_2_slider-2048x814.jpg 2048w, https:\/\/feuerwehr-see.ch\/wp-content\/uploads\/2022\/09\/service_du_feu_2_slider-18x7.jpg 18w\" sizes=\"auto, (max-width: 1024px) 100vw, 1024px\" \/><div class=\"eedee-background-div__overlay\" style=\"opacity:1;\"><\/div><\/div><div class=\"slide-content\">\n\n<p class=\"has-text-align-center gutenslider-content-initial has-larger-font-size\"><\/p>\n\n<\/div><\/div>\n\n<div class=\"swiper-slide wp-block-eedee-block-gutenslide is-position-center-center ed-bg-image\" style=\"--ed-vw:300;--ed-vh:119;\" data-hash=\"\"><div class=\"eedee-background-div bg-image\"><img loading=\"lazy\" width=\"1024\" height=\"407\" class=\"wp-image-517\" src=\"https:\/\/feuerwehr-see.ch\/wp-content\/uploads\/2022\/09\/sued_courtepin_web_a_slider-1024x407.jpg\" alt=\"\" decoding=\"async\" style=\"object-fit: cover; object-position: 50% 50%;\"  data-title=\"sued_courtepin_web_a_slider\" srcset=\"https:\/\/feuerwehr-see.ch\/wp-content\/uploads\/2022\/09\/sued_courtepin_web_a_slider-1024x407.jpg 1024w, https:\/\/feuerwehr-see.ch\/wp-content\/uploads\/2022\/09\/sued_courtepin_web_a_slider-300x119.jpg 300w, https:\/\/feuerwehr-see.ch\/wp-content\/uploads\/2022\/09\/sued_courtepin_web_a_slider-768x305.jpg 768w, https:\/\/feuerwehr-see.ch\/wp-content\/uploads\/2022\/09\/sued_courtepin_web_a_slider-1600x636.jpg 1600w, https:\/\/feuerwehr-see.ch\/wp-content\/uploads\/2022\/09\/sued_courtepin_web_a_slider-1536x611.jpg 1536w, https:\/\/feuerwehr-see.ch\/wp-content\/uploads\/2022\/09\/sued_courtepin_web_a_slider-2048x814.jpg 2048w, https:\/\/feuerwehr-see.ch\/wp-content\/uploads\/2022\/09\/sued_courtepin_web_a_slider-18x7.jpg 18w\" sizes=\"auto, (max-width: 1024px) 100vw, 1024px\" \/><div class=\"eedee-background-div__overlay\" style=\"opacity:1;\"><\/div><\/div><div class=\"slide-content\">\n\n<p class=\"has-text-align-center gutenslider-content-initial has-larger-font-size\"><\/p>\n\n<\/div><\/div>\n\n<div class=\"swiper-slide wp-block-eedee-block-gutenslide is-position-center-center ed-bg-image\" style=\"--ed-vw:300;--ed-vh:119;\" data-hash=\"\"><div class=\"eedee-background-div bg-image\"><img loading=\"lazy\" width=\"1024\" height=\"407\" class=\"wp-image-130\" src=\"https:\/\/feuerwehr-see.ch\/wp-content\/uploads\/2022\/08\/fw_magazin_tore_aussen_web_2400_954-1024x407.jpg\" alt=\"\" decoding=\"async\" style=\"object-fit: cover; object-position: 50% 50%;\"  data-title=\"fw_magazin_tore_aussen_web_2400_954\" srcset=\"https:\/\/feuerwehr-see.ch\/wp-content\/uploads\/2022\/08\/fw_magazin_tore_aussen_web_2400_954-1024x407.jpg 1024w, https:\/\/feuerwehr-see.ch\/wp-content\/uploads\/2022\/08\/fw_magazin_tore_aussen_web_2400_954-300x119.jpg 300w, https:\/\/feuerwehr-see.ch\/wp-content\/uploads\/2022\/08\/fw_magazin_tore_aussen_web_2400_954-768x305.jpg 768w, https:\/\/feuerwehr-see.ch\/wp-content\/uploads\/2022\/08\/fw_magazin_tore_aussen_web_2400_954-1600x636.jpg 1600w, https:\/\/feuerwehr-see.ch\/wp-content\/uploads\/2022\/08\/fw_magazin_tore_aussen_web_2400_954-1536x611.jpg 1536w, https:\/\/feuerwehr-see.ch\/wp-content\/uploads\/2022\/08\/fw_magazin_tore_aussen_web_2400_954-2048x814.jpg 2048w\" sizes=\"auto, (max-width: 1024px) 100vw, 1024px\" \/><div class=\"eedee-background-div__overlay\" style=\"opacity:1;\"><\/div><\/div><div class=\"slide-content\">\n\n<p class=\"has-text-align-center gutenslider-content-initial has-larger-font-size\"><\/p>\n\n<\/div><\/div>\n\n<div class=\"swiper-slide wp-block-eedee-block-gutenslide is-position-center-center ed-bg-image\" style=\"--ed-vw:300;--ed-vh:119;\" data-hash=\"\"><div class=\"eedee-background-div bg-image\"><img loading=\"lazy\" width=\"1024\" height=\"407\" class=\"wp-image-126\" src=\"https:\/\/feuerwehr-see.ch\/wp-content\/uploads\/2022\/08\/20210629_DSC0504_web_2400_954-1024x407.jpg\" alt=\"\" decoding=\"async\" style=\"object-fit: cover; object-position: 50% 50%;\"  data-title=\"20210629_DSC0504_web_2400_954\" srcset=\"https:\/\/feuerwehr-see.ch\/wp-content\/uploads\/2022\/08\/20210629_DSC0504_web_2400_954-1024x407.jpg 1024w, https:\/\/feuerwehr-see.ch\/wp-content\/uploads\/2022\/08\/20210629_DSC0504_web_2400_954-300x119.jpg 300w, https:\/\/feuerwehr-see.ch\/wp-content\/uploads\/2022\/08\/20210629_DSC0504_web_2400_954-768x305.jpg 768w, https:\/\/feuerwehr-see.ch\/wp-content\/uploads\/2022\/08\/20210629_DSC0504_web_2400_954-1600x636.jpg 1600w, https:\/\/feuerwehr-see.ch\/wp-content\/uploads\/2022\/08\/20210629_DSC0504_web_2400_954-1536x611.jpg 1536w, https:\/\/feuerwehr-see.ch\/wp-content\/uploads\/2022\/08\/20210629_DSC0504_web_2400_954-2048x814.jpg 2048w\" sizes=\"auto, (max-width: 1024px) 100vw, 1024px\" \/><div class=\"eedee-background-div__overlay\" style=\"opacity:1;\"><\/div><\/div><div class=\"slide-content\">\n\n<p class=\"has-text-align-center gutenslider-content-initial has-larger-font-size\"><\/p>\n\n<\/div><\/div>\n<\/div><\/div><button class=\"eedee-gutenslider-nav eedee-gutenslider-prev\"><svg xmlns=\"http:\/\/www.w3.org\/2000\/svg\" viewBox=\"0 0 24 24\" width=\"24\" height=\"24\"><circle class=\"bg\" cx=\"13\" cy=\"12\" r=\"11\" \/><path fill=\"none\" d=\"M0 0h24v24H0z\"\/><path class=\"arrow\" d=\"M10.828 12l4.95 4.95-1.414 1.414L8 12l6.364-6.364 1.414 1.414z\"\/><\/svg><\/button><button class=\"eedee-gutenslider-nav eedee-gutenslider-next\"><svg xmlns=\"http:\/\/www.w3.org\/2000\/svg\" viewBox=\"0 0 24 24\" width=\"24\" height=\"24\"><circle class=\"bg\" cx=\"11\" cy=\"12\" r=\"11\" \/><path fill=\"none\" d=\"M0 0h24v24H0z\"\/><path class=\"arrow\" d=\"M13.172 12l-4.95-4.95 1.414-1.414L16 12l-6.364 6.364-1.414-1.414z\"\/><\/svg><\/button><div class=\"eedee-gutenslider-pagination\"><\/div><div class=\"gutenslider-divider-bottom \" style=\"color:#fff;\"><\/div><\/div><\/div>\n\n<div class=\"gb-container gb-container-15d22eb3 alignfull\"><div class=\"gb-inside-container\"><\/div><\/div>\n\n<div class=\"gb-container gb-container-24bd624f\"><div class=\"gb-inside-container\">\n<div class=\"gb-grid-wrapper gb-grid-wrapper-4b30bee3\">\n<div class=\"gb-grid-column gb-grid-column-30d11b88\"><div class=\"gb-container gb-container-30d11b88\"><div class=\"gb-inside-container\"><\/div><\/div><\/div>\n\n<div class=\"gb-grid-column gb-grid-column-d8d04eeb\"><div class=\"gb-container gb-container-d8d04eeb\"><div class=\"gb-inside-container\">\n\n<h2 class=\"wp-block-heading advgb-dyn-9784ee8e\">Datenschutz<\/h2>\n\n\n\n<p>Die Feuerwehr Region Murten ist ein zukunftsweisendes Dienstleistungs- und Kompetenzzentrum f\u00fcr Gefahrenabwehr und Rettung. Als Feuerwehr-St\u00fctzpunkt mit den kantonalen Aufgaben Personenrettung bei Unf\u00e4llen, \u00d6l- und Chemiewehr sowie Gew\u00e4sserschutz, nimmt sie eine wichtige Rolle \u00fcber den Freiburgischen Seebezirk hinaus wahr.<\/p>\n\n\n\n<p>Die Feuerwehr Region Murten ist eine Milizorganisation und umfasst 100 Feuerwehrangeh\u00f6rige.<\/p>\n\n<\/div><\/div><\/div>\n<\/div>\n<\/div><\/div>\n\n<div class=\"gb-container gb-container-88d6b567 alignfull\"><div class=\"gb-inside-container\"><\/div><\/div>\n\n<div class=\"gb-container gb-container-f4beace5\"><div class=\"gb-inside-container\">\n<div class=\"gb-grid-wrapper gb-grid-wrapper-2e570c3b\">\n<div class=\"gb-grid-column gb-grid-column-b2bdfacf\"><div class=\"gb-container gb-container-b2bdfacf\"><div class=\"gb-inside-container\">\n\n<h2 class=\"wp-block-heading advgb-dyn-d32a253b\">Eins\u00e4tze<\/h2>\n\n\n\n<p>Wir informieren Sie immer \u00fcber unsere aktuellen Eins\u00e4tze.<\/p>\n\n\n<div class=\"gb-container gb-container-df986e6e\"><div class=\"gb-inside-container\">\n\n\n<\/div><\/div>\n<\/div><\/div><\/div>\n\n<div class=\"gb-grid-column gb-grid-column-3b608734\"><div class=\"gb-container gb-container-3b608734\"><div class=\"gb-inside-container\">\n\n<figure class=\"wp-block-image size-full\"><img loading=\"lazy\" decoding=\"async\" width=\"778\" height=\"519\" src=\"https:\/\/feuerwehr-see.ch\/wp-content\/uploads\/2022\/09\/ueber_uns.jpg\" alt=\"\" class=\"wp-image-539\" srcset=\"https:\/\/feuerwehr-see.ch\/wp-content\/uploads\/2022\/09\/ueber_uns.jpg 778w, https:\/\/feuerwehr-see.ch\/wp-content\/uploads\/2022\/09\/ueber_uns-300x200.jpg 300w, https:\/\/feuerwehr-see.ch\/wp-content\/uploads\/2022\/09\/ueber_uns-768x512.jpg 768w, https:\/\/feuerwehr-see.ch\/wp-content\/uploads\/2022\/09\/ueber_uns-18x12.jpg 18w\" sizes=\"auto, (max-width: 778px) 100vw, 778px\" \/><\/figure>\n\n<\/div><\/div><\/div>\n<\/div>\n<\/div><\/div>","protected":false},"excerpt":{"rendered":"","protected":false},"author":1,"featured_media":0,"parent":0,"menu_order":0,"comment_status":"closed","ping_status":"closed","template":"","meta":{"advgb_blocks_editor_width":"","advgb_blocks_columns_visual_guide":"","footnotes":""},"class_list":["post-705","page","type-page","status-publish"],"coauthors":[],"author_meta":{"author_link":"https:\/\/feuerwehr-see.ch\/de\/author\/seelac20\/","display_name":"Seelac20"},"relative_dates":{"created":"Posted 3\u00a0Jahren ago","modified":"Updated 3\u00a0Jahren ago"},"absolute_dates":{"created":"Posted on 14. August 2023","modified":"Updated on 14. August 2023"},"absolute_dates_time":{"created":"Posted on 14. August 2023 14:07","modified":"Updated on 14. August 2023 14:07"},"featured_img_caption":"","featured_img":false,"series_order":"","_links":{"self":[{"href":"https:\/\/feuerwehr-see.ch\/de\/wp-json\/wp\/v2\/pages\/705","targetHints":{"allow":["GET"]}}],"collection":[{"href":"https:\/\/feuerwehr-see.ch\/de\/wp-json\/wp\/v2\/pages"}],"about":[{"href":"https:\/\/feuerwehr-see.ch\/de\/wp-json\/wp\/v2\/types\/page"}],"author":[{"embeddable":true,"href":"https:\/\/feuerwehr-see.ch\/de\/wp-json\/wp\/v2\/users\/1"}],"replies":[{"embeddable":true,"href":"https:\/\/feuerwehr-see.ch\/de\/wp-json\/wp\/v2\/comments?post=705"}],"version-history":[{"count":1,"href":"https:\/\/feuerwehr-see.ch\/de\/wp-json\/wp\/v2\/pages\/705\/revisions"}],"predecessor-version":[{"id":707,"href":"https:\/\/feuerwehr-see.ch\/de\/wp-json\/wp\/v2\/pages\/705\/revisions\/707"}],"wp:attachment":[{"href":"https:\/\/feuerwehr-see.ch\/de\/wp-json\/wp\/v2\/media?parent=705"}],"curies":[{"name":"wp","href":"https:\/\/api.w.org\/{rel}","templated":true}]}}