{"id":200,"date":"2022-08-15T12:48:57","date_gmt":"2022-08-15T12:48:57","guid":{"rendered":"https:\/\/feuerwehrlac.vicha.ch\/?page_id=200"},"modified":"2025-05-26T10:29:55","modified_gmt":"2025-05-26T10:29:55","slug":"unsere-aufgaben","status":"publish","type":"page","link":"https:\/\/feuerwehr-see.ch\/de\/unsere-aufgaben\/","title":{"rendered":"UNSERE AUFGABEN"},"content":{"rendered":"<div id=\"gutenslider-u2z1tpq4b\" class=\"wp-block-eedee-block-gutenslider gs-frontend content-change alignfull arrow-style-1 arrow-position-sides arrow-mb-none arrows-lg arrows-md arrows-sm dot-style-1 dots-lg dots-md dots-sm dot-position-bottom is-position-center-center mb-none wrap-auto-height\" data-parallax-direction=\"down\" data-parallax-amount=\"1.3\" data-lg-transition=\"lg-slide\" data-hash=\"\" ><div class=\"eedee-swiper-outer\" style=\"--gutenslider-min-height: 50vh;--gutenslider-arrow-size: 30px;--gutenslider-dot-size: 25px;--gutenslider-arrow-color: #ffffff;--gutenslider-dot-color: #ffffff;--gutenslider-padding-y-mobile: 40px;--gutenslider-padding-x-mobile: 40px;--gutenslider-padding-y-tablet: 40px;--gutenslider-padding-x-tablet: 40px;--gutenslider-padding-y-desktop: 40px;--gutenslider-padding-x-desktop: 40px;--gutenslider-bg-image: url();--gutenslider-min-height-md: 50vh;--gutenslider-min-height-sm: 50vh;--gutenslider-padding-x: 40px;--gutenslider-padding-x-md: 40px;--gutenslider-padding-x-sm: 20px;--gutenslider-padding-y: 40px;--gutenslider-padding-y-md: 40px;--gutenslider-padding-y-sm: 20px;--gutenslider-arrow-size-md: 30px;--gutenslider-arrow-size-sm: 30px;--gutenslider-dot-size-md: 25px;--gutenslider-dot-size-sm: 25px;--gutenslider-arrow-bg-color: transparent;--gutenslider-arrow-hover-color: #eeeeee;--gutenslider-arrow-bg-hover-color: transparent;--gutenslider-arrow-x-offset: 10px;--gutenslider-arrow-x-offset-md: 10px;--gutenslider-arrow-x-offset-sm: 10px;--gutenslider-arrow-y-offset: 0px;--gutenslider-arrow-y-offset-md: 0px;--gutenslider-arrow-y-offset-sm: 0px;--gutenslider-arrow-x-spacing: 0px;--gutenslider-dot-y-offset: 10px;--gutenslider-dot-y-offset-md: 10px;--gutenslider-dot-y-offset-sm: 10px;--gutenslider-margin-x: 0px;--gutenslider-margin-x-md: 0px;--gutenslider-margin-x-sm: 0px;--gutenslider-margin-y: 0px;--gutenslider-margin-y-md: 0px;--gutenslider-margin-y-sm: 0px;--gutenslider-divider-top: 60px;--gutenslider-divider-bottom: 60px;--gutenslider-lightgallery-bg: #ffffff;--gutenslider-lightgallery-font: #000000;--gs-first-pos: 50% 50%;--gs-gap-vertical: var( --wp--style--gallery-gap-default, var( --gallery-block--gutter-size, var( --wp--style--block-gap, 0.5em ) ) );--gs-gap-horizontal: var( --wp--style--gallery-gap-default, var( --gallery-block--gutter-size, var( --wp--style--block-gap, 0.5em ) ) );\"><div class=\"gutenslider-divider-top\" style=\"color:#fff;\"><\/div><div class=\"swiper\" data-settings='{\"autoplay\":{\"delay\":3000,\"pauseOnMouseEnter\":true,\"disableOnInteraction\":false},\"speed\":700,\"direction\":\"horizontal\",\"autoHeight\":\"\",\"loop\":true,\"centeredSlides\":true,\"spaceBetween\":0,\"slidesPerView\":1,\"slidesPerGroup\":1,\"effect\":\"slide\",\"coverflowEffect\":{\"rotate\":30,\"slideShadows\":false,\"depth\":100,\"stretch\":50,\"modifier\":1},\"fadeEffect\":{\"crossFade\":true},\"zoom\":\"\",\"navigation\":{\"nextEl\":\"#gutenslider-u2z1tpq4b .eedee-gutenslider-next\",\"prevEl\":\"#gutenslider-u2z1tpq4b .eedee-gutenslider-prev\"},\"pagination\":{\"type\":\"bullets\",\"clickable\":true,\"dynamicBullets\":false,\"el\":\"#gutenslider-u2z1tpq4b .eedee-gutenslider-pagination\"},\"pauseOnHover\":\"1\",\"watchSlidesProgress\":true,\"watchSlidesVisibility\":true,\"settingsMd\":{\"autoHeight\":\"\",\"slidesPerView\":1,\"slidesPerGroup\":1,\"spaceBetween\":0,\"loop\":true},\"settingsLg\":{\"autoHeight\":\"\",\"slidesPerView\":1,\"slidesPerGroup\":1,\"spaceBetween\":0,\"loop\":true},\"hasLg\":false,\"hasLgCounter\":true,\"isFullScreen\":false,\"arrowsFollowMouse\":false,\"lgTitle\":\"none\",\"lgCaption\":\"none\",\"lgThumbnails\":true,\"lgZoomEnabled\":false,\"keyboard\":{\"keyboard\":{\"enabled\":true,\"onlyInViewport\":true}},\"hashNavigation\":false,\"dividers\":false}'><div class=\"swiper-wrapper\">\n<div class=\"swiper-slide wp-block-eedee-block-gutenslide is-position-center-center ed-bg-image\" style=\"--ed-vw:300;--ed-vh:119;\" data-hash=\"\"><div class=\"eedee-background-div bg-image\"><img loading=\"lazy\" width=\"1024\" height=\"407\" class=\"wp-image-131\" src=\"https:\/\/feuerwehr-see.ch\/wp-content\/uploads\/2022\/08\/gebauede_feuerwehr_see_lac_murten-1-1024x407.jpg\" alt=\"\" decoding=\"async\" style=\"object-fit: cover; object-position: 50% 50%;\"  data-title=\"gebauede_feuerwehr_see_lac_murten\" srcset=\"https:\/\/feuerwehr-see.ch\/wp-content\/uploads\/2022\/08\/gebauede_feuerwehr_see_lac_murten-1-1024x407.jpg 1024w, https:\/\/feuerwehr-see.ch\/wp-content\/uploads\/2022\/08\/gebauede_feuerwehr_see_lac_murten-1-300x119.jpg 300w, https:\/\/feuerwehr-see.ch\/wp-content\/uploads\/2022\/08\/gebauede_feuerwehr_see_lac_murten-1-768x305.jpg 768w, https:\/\/feuerwehr-see.ch\/wp-content\/uploads\/2022\/08\/gebauede_feuerwehr_see_lac_murten-1-1600x636.jpg 1600w, https:\/\/feuerwehr-see.ch\/wp-content\/uploads\/2022\/08\/gebauede_feuerwehr_see_lac_murten-1-1536x611.jpg 1536w, https:\/\/feuerwehr-see.ch\/wp-content\/uploads\/2022\/08\/gebauede_feuerwehr_see_lac_murten-1-2048x814.jpg 2048w\" sizes=\"auto, (max-width: 1024px) 100vw, 1024px\" \/><div class=\"eedee-background-div__overlay\" style=\"opacity:1;\"><\/div><\/div><div class=\"slide-content\">\n\n<p class=\"has-text-align-center gutenslider-content-initial has-larger-font-size\"><\/p>\n\n<\/div><\/div>\n\n<div class=\"swiper-slide wp-block-eedee-block-gutenslide is-position-center-center ed-bg-image\" style=\"--ed-vw:300;--ed-vh:119;\" data-hash=\"\"><div class=\"eedee-background-div bg-image\"><img loading=\"lazy\" width=\"1024\" height=\"407\" class=\"wp-image-127\" src=\"https:\/\/feuerwehr-see.ch\/wp-content\/uploads\/2022\/08\/feuerwehr_magazin_nachtaufnahme_2400_954-1024x407.jpg\" alt=\"\" decoding=\"async\" style=\"object-fit: cover; object-position: 50% 50%;\"  data-title=\"feuerwehr_magazin_nachtaufnahme_2400_954\" srcset=\"https:\/\/feuerwehr-see.ch\/wp-content\/uploads\/2022\/08\/feuerwehr_magazin_nachtaufnahme_2400_954-1024x407.jpg 1024w, https:\/\/feuerwehr-see.ch\/wp-content\/uploads\/2022\/08\/feuerwehr_magazin_nachtaufnahme_2400_954-300x119.jpg 300w, https:\/\/feuerwehr-see.ch\/wp-content\/uploads\/2022\/08\/feuerwehr_magazin_nachtaufnahme_2400_954-768x305.jpg 768w, https:\/\/feuerwehr-see.ch\/wp-content\/uploads\/2022\/08\/feuerwehr_magazin_nachtaufnahme_2400_954-1600x636.jpg 1600w, https:\/\/feuerwehr-see.ch\/wp-content\/uploads\/2022\/08\/feuerwehr_magazin_nachtaufnahme_2400_954-1536x611.jpg 1536w, https:\/\/feuerwehr-see.ch\/wp-content\/uploads\/2022\/08\/feuerwehr_magazin_nachtaufnahme_2400_954-2048x814.jpg 2048w\" sizes=\"auto, (max-width: 1024px) 100vw, 1024px\" \/><div class=\"eedee-background-div__overlay\" style=\"opacity:1;\"><\/div><\/div><div class=\"slide-content\">\n\n<p class=\"has-text-align-center gutenslider-content-initial has-larger-font-size\"><\/p>\n\n<\/div><\/div>\n\n<div class=\"swiper-slide wp-block-eedee-block-gutenslide is-position-center-center ed-bg-image\" style=\"--ed-vw:300;--ed-vh:119;\" data-hash=\"\"><div class=\"eedee-background-div bg-image\"><img loading=\"lazy\" width=\"1024\" height=\"407\" class=\"wp-image-128\" src=\"https:\/\/feuerwehr-see.ch\/wp-content\/uploads\/2022\/08\/feuerwehr_sapeurs_nachtaufnahm_2400_954_1-1024x407.jpg\" alt=\"\" decoding=\"async\" style=\"object-fit: cover; object-position: 50% 50%;\"  data-title=\"feuerwehr_sapeurs_nachtaufnahm_2400_954_1\" srcset=\"https:\/\/feuerwehr-see.ch\/wp-content\/uploads\/2022\/08\/feuerwehr_sapeurs_nachtaufnahm_2400_954_1-1024x407.jpg 1024w, https:\/\/feuerwehr-see.ch\/wp-content\/uploads\/2022\/08\/feuerwehr_sapeurs_nachtaufnahm_2400_954_1-300x119.jpg 300w, https:\/\/feuerwehr-see.ch\/wp-content\/uploads\/2022\/08\/feuerwehr_sapeurs_nachtaufnahm_2400_954_1-768x305.jpg 768w, https:\/\/feuerwehr-see.ch\/wp-content\/uploads\/2022\/08\/feuerwehr_sapeurs_nachtaufnahm_2400_954_1-1600x636.jpg 1600w, https:\/\/feuerwehr-see.ch\/wp-content\/uploads\/2022\/08\/feuerwehr_sapeurs_nachtaufnahm_2400_954_1-1536x611.jpg 1536w, https:\/\/feuerwehr-see.ch\/wp-content\/uploads\/2022\/08\/feuerwehr_sapeurs_nachtaufnahm_2400_954_1-2048x814.jpg 2048w\" sizes=\"auto, (max-width: 1024px) 100vw, 1024px\" \/><div class=\"eedee-background-div__overlay\" style=\"opacity:1;\"><\/div><\/div><div class=\"slide-content\">\n\n<p class=\"has-text-align-center gutenslider-content-initial has-larger-font-size\"><\/p>\n\n<\/div><\/div>\n\n<div class=\"swiper-slide wp-block-eedee-block-gutenslide is-position-center-center ed-bg-image\" style=\"--ed-vw:300;--ed-vh:119;\" data-hash=\"\"><div class=\"eedee-background-div bg-image\"><img loading=\"lazy\" width=\"1024\" height=\"407\" class=\"wp-image-132\" src=\"https:\/\/feuerwehr-see.ch\/wp-content\/uploads\/2022\/08\/IMG_4437_feuerwehr_auto_2400_954_ausschnitt-1024x407.jpg\" alt=\"\" decoding=\"async\" style=\"object-fit: cover; object-position: 50% 50%;\"  data-title=\"IMG_4437_feuerwehr_auto_2400_954_ausschnitt\" srcset=\"https:\/\/feuerwehr-see.ch\/wp-content\/uploads\/2022\/08\/IMG_4437_feuerwehr_auto_2400_954_ausschnitt-1024x407.jpg 1024w, https:\/\/feuerwehr-see.ch\/wp-content\/uploads\/2022\/08\/IMG_4437_feuerwehr_auto_2400_954_ausschnitt-300x119.jpg 300w, https:\/\/feuerwehr-see.ch\/wp-content\/uploads\/2022\/08\/IMG_4437_feuerwehr_auto_2400_954_ausschnitt-768x305.jpg 768w, https:\/\/feuerwehr-see.ch\/wp-content\/uploads\/2022\/08\/IMG_4437_feuerwehr_auto_2400_954_ausschnitt-1600x636.jpg 1600w, https:\/\/feuerwehr-see.ch\/wp-content\/uploads\/2022\/08\/IMG_4437_feuerwehr_auto_2400_954_ausschnitt-1536x611.jpg 1536w, https:\/\/feuerwehr-see.ch\/wp-content\/uploads\/2022\/08\/IMG_4437_feuerwehr_auto_2400_954_ausschnitt-2048x814.jpg 2048w\" sizes=\"auto, (max-width: 1024px) 100vw, 1024px\" \/><div class=\"eedee-background-div__overlay\" style=\"opacity:1;\"><\/div><\/div><div class=\"slide-content\">\n\n<p class=\"has-text-align-center gutenslider-content-initial has-larger-font-size\"><\/p>\n\n<\/div><\/div>\n\n<div class=\"swiper-slide wp-block-eedee-block-gutenslide is-position-center-center ed-bg-image\" style=\"--ed-vw:300;--ed-vh:119;\" data-hash=\"\"><div class=\"eedee-background-div bg-image\"><img loading=\"lazy\" width=\"1024\" height=\"407\" class=\"wp-image-140\" src=\"https:\/\/feuerwehr-see.ch\/wp-content\/uploads\/2022\/08\/AdobeStock_331913880_2400_954-1024x407.jpg\" alt=\"\" decoding=\"async\" style=\"object-fit: cover; object-position: 50% 50%;\"  data-title=\"AdobeStock_331913880_2400_954\" srcset=\"https:\/\/feuerwehr-see.ch\/wp-content\/uploads\/2022\/08\/AdobeStock_331913880_2400_954-1024x407.jpg 1024w, https:\/\/feuerwehr-see.ch\/wp-content\/uploads\/2022\/08\/AdobeStock_331913880_2400_954-300x119.jpg 300w, https:\/\/feuerwehr-see.ch\/wp-content\/uploads\/2022\/08\/AdobeStock_331913880_2400_954-768x305.jpg 768w, https:\/\/feuerwehr-see.ch\/wp-content\/uploads\/2022\/08\/AdobeStock_331913880_2400_954-1600x636.jpg 1600w, https:\/\/feuerwehr-see.ch\/wp-content\/uploads\/2022\/08\/AdobeStock_331913880_2400_954-1536x611.jpg 1536w, https:\/\/feuerwehr-see.ch\/wp-content\/uploads\/2022\/08\/AdobeStock_331913880_2400_954-2048x814.jpg 2048w\" sizes=\"auto, (max-width: 1024px) 100vw, 1024px\" \/><div class=\"eedee-background-div__overlay\" style=\"opacity:1;\"><\/div><\/div><div class=\"slide-content\">\n\n<p class=\"has-text-align-center gutenslider-content-initial has-larger-font-size\"><\/p>\n\n<\/div><\/div>\n<\/div><\/div><button class=\"eedee-gutenslider-nav eedee-gutenslider-prev\"><svg xmlns=\"http:\/\/www.w3.org\/2000\/svg\" viewBox=\"0 0 24 24\" width=\"24\" height=\"24\"><circle class=\"bg\" cx=\"13\" cy=\"12\" r=\"11\" \/><path fill=\"none\" d=\"M0 0h24v24H0z\"\/><path class=\"arrow\" d=\"M10.828 12l4.95 4.95-1.414 1.414L8 12l6.364-6.364 1.414 1.414z\"\/><\/svg><\/button><button class=\"eedee-gutenslider-nav eedee-gutenslider-next\"><svg xmlns=\"http:\/\/www.w3.org\/2000\/svg\" viewBox=\"0 0 24 24\" width=\"24\" height=\"24\"><circle class=\"bg\" cx=\"11\" cy=\"12\" r=\"11\" \/><path fill=\"none\" d=\"M0 0h24v24H0z\"\/><path class=\"arrow\" d=\"M13.172 12l-4.95-4.95 1.414-1.414L16 12l-6.364 6.364-1.414-1.414z\"\/><\/svg><\/button><div class=\"eedee-gutenslider-pagination\"><\/div><div class=\"gutenslider-divider-bottom \" style=\"color:#fff;\"><\/div><\/div><\/div>\n\n<div class=\"gb-container gb-container-15d22eb3 alignfull\"><div class=\"gb-inside-container\"><\/div><\/div>\n\n<div class=\"gb-container gb-container-24bd624f\"><div class=\"gb-inside-container\">\n<div class=\"gb-grid-wrapper gb-grid-wrapper-4b30bee3\">\n<div class=\"gb-grid-column gb-grid-column-d8d04eeb\"><div class=\"gb-container gb-container-d8d04eeb\"><div class=\"gb-inside-container\">\n\n<h2 class=\"wp-block-heading\">UNSERE AUFGABEN<\/h2>\n\n\n\n<p>Die Feuerwehr ist gem\u00e4ss Gesetz zur Rettung von Menschen und Tieren sowie zur Schadensbek\u00e4mpfung bei Br\u00e4nden, Explosionen, Elementarereignissen und Erdbeben verpflichtet. Sie leistet Hilfe bei atomaren, biologischen und chemischen Schadenereignissen (ABC-Schutz) und leistet Nachbarschaftshilfe ausserhalb ihres Einsatzgebietes.<br><br>Das oberste Ziel von jedem Einsatz ist die Rettung von Menschen und Tieren und die eigene Sicherheit. In den vergangenen Jahren hat sich die Feuerwehr aber immer mehr zu einem universellen Hilfeleister entwickelt. Die Zunahme von Naturereignissen fordert die Feuerwehr auch immer st\u00e4rker.<\/p>\n\n\n\n<p>Die Aufgaben der Feuerwehr See sind im Brandschutz- und Hilfeleistungsgesetz (BBHG), dessen Reglement sowie in verschiedenen Direktiven geregelt.<\/p>\n\n\n\n<p>Unterteilt sind sie in <br><a href=\"https:\/\/feuerwehr-see.ch\/aktuell-4\/\" data-type=\"page\" data-id=\"188\">Kernaufgaben<\/a><br><a href=\"https:\/\/feuerwehr-see.ch\/medien\/\" data-type=\"page\" data-id=\"204\">Subsidi\u00e4re Aufgaben <\/a><br>Freiwillige Aufgaben <\/p>\n\n\n\n<p>Daneben engagiert sich die Feuerwehr See auch in der <a href=\"https:\/\/feuerwehr-see.ch\/praevention\/\" data-type=\"page\" data-id=\"812\">Pr\u00e4vention<\/a>.<\/p>\n\n\n\n<p><\/p>\n\n<\/div><\/div><\/div>\n<\/div>\n<\/div><\/div>\n\n<div class=\"gb-container gb-container-88d6b567 alignfull\"><div class=\"gb-inside-container\">\n\n<div class=\"wp-block-cover alignfull has-parallax wp-duotone-varu002du002dglobal-color-12-varu002du002dcontrast-2-1\"><span aria-hidden=\"true\" class=\"wp-block-cover__background has-background-dim-0 has-background-dim\"><\/span><div class=\"wp-block-cover__image-background wp-image-490 has-parallax\" style=\"background-position:50% 50%;background-image:url(https:\/\/feuerwehr-see.ch\/wp-content\/uploads\/2022\/09\/AdobeStock_507602824_web_paralax-scaled.jpg)\"><\/div><div class=\"wp-block-cover__inner-container is-layout-flow wp-block-cover-is-layout-flow\">\n<p class=\"has-text-align-center has-large-font-size\"><\/p>\n<\/div><\/div>\n\n<\/div><\/div>\n\n<div class=\"gb-container gb-container-f4beace5\"><div class=\"gb-inside-container\">\n<div class=\"gb-grid-wrapper gb-grid-wrapper-2e570c3b\">\n<div class=\"gb-grid-column gb-grid-column-b2bdfacf\"><div class=\"gb-container gb-container-b2bdfacf\"><div class=\"gb-inside-container\">\n\n<h2 class=\"wp-block-heading\">Eins\u00e4tze<\/h2>\n\n\n\n<p>Wir informieren Sie immer \u00fcber unsere aktuellen Eins\u00e4tze.<\/p>\n\n\n<div class=\"gb-container gb-container-df986e6e\"><div class=\"gb-inside-container\">\n\n\n<\/div><\/div>\n<\/div><\/div><\/div>\n\n<div class=\"gb-grid-column gb-grid-column-3b608734\"><div class=\"gb-container gb-container-3b608734\"><div class=\"gb-inside-container\">\n\n<figure class=\"wp-block-image size-full\"><img loading=\"lazy\" decoding=\"async\" width=\"900\" height=\"600\" src=\"https:\/\/feuerwehr-see.ch\/wp-content\/uploads\/2022\/08\/IMG_3140_feuerwehrauto_900px.jpg\" alt=\"\" class=\"wp-image-166\" srcset=\"https:\/\/feuerwehr-see.ch\/wp-content\/uploads\/2022\/08\/IMG_3140_feuerwehrauto_900px.jpg 900w, https:\/\/feuerwehr-see.ch\/wp-content\/uploads\/2022\/08\/IMG_3140_feuerwehrauto_900px-300x200.jpg 300w, https:\/\/feuerwehr-see.ch\/wp-content\/uploads\/2022\/08\/IMG_3140_feuerwehrauto_900px-768x512.jpg 768w\" sizes=\"auto, (max-width: 900px) 100vw, 900px\" \/><\/figure>\n\n<\/div><\/div><\/div>\n<\/div>\n<\/div><\/div>","protected":false},"excerpt":{"rendered":"","protected":false},"author":1,"featured_media":0,"parent":0,"menu_order":0,"comment_status":"closed","ping_status":"closed","template":"","meta":{"advgb_blocks_editor_width":"","advgb_blocks_columns_visual_guide":"","footnotes":""},"class_list":["post-200","page","type-page","status-publish"],"coauthors":[],"author_meta":{"author_link":"https:\/\/feuerwehr-see.ch\/de\/author\/seelac20\/","display_name":"Seelac20"},"relative_dates":{"created":"Posted 4\u00a0Jahren ago","modified":"Updated 11\u00a0Monaten ago"},"absolute_dates":{"created":"Posted on 15. August 2022","modified":"Updated on 26. Mai 2025"},"absolute_dates_time":{"created":"Posted on 15. August 2022 12:48","modified":"Updated on 26. Mai 2025 10:29"},"featured_img_caption":"","featured_img":false,"series_order":"","_links":{"self":[{"href":"https:\/\/feuerwehr-see.ch\/de\/wp-json\/wp\/v2\/pages\/200","targetHints":{"allow":["GET"]}}],"collection":[{"href":"https:\/\/feuerwehr-see.ch\/de\/wp-json\/wp\/v2\/pages"}],"about":[{"href":"https:\/\/feuerwehr-see.ch\/de\/wp-json\/wp\/v2\/types\/page"}],"author":[{"embeddable":true,"href":"https:\/\/feuerwehr-see.ch\/de\/wp-json\/wp\/v2\/users\/1"}],"replies":[{"embeddable":true,"href":"https:\/\/feuerwehr-see.ch\/de\/wp-json\/wp\/v2\/comments?post=200"}],"version-history":[{"count":23,"href":"https:\/\/feuerwehr-see.ch\/de\/wp-json\/wp\/v2\/pages\/200\/revisions"}],"predecessor-version":[{"id":875,"href":"https:\/\/feuerwehr-see.ch\/de\/wp-json\/wp\/v2\/pages\/200\/revisions\/875"}],"wp:attachment":[{"href":"https:\/\/feuerwehr-see.ch\/de\/wp-json\/wp\/v2\/media?parent=200"}],"curies":[{"name":"wp","href":"https:\/\/api.w.org\/{rel}","templated":true}]}}