{"id":188,"date":"2022-08-15T12:46:43","date_gmt":"2022-08-15T12:46:43","guid":{"rendered":"https:\/\/feuerwehrlac.vicha.ch\/?page_id=188"},"modified":"2025-11-25T08:32:27","modified_gmt":"2025-11-25T08:32:27","slug":"kernaufgaben","status":"publish","type":"page","link":"https:\/\/feuerwehr-see.ch\/de\/kernaufgaben\/","title":{"rendered":"KERNAUFGABEN"},"content":{"rendered":"<div class=\"gb-container gb-container-24bd624f\"><div class=\"gb-inside-container\">\n<div class=\"gb-container gb-container-5f715e0c\"><div class=\"gb-inside-container\">\n<div class=\"gb-grid-wrapper gb-grid-wrapper-4b30bee3\">\n<div class=\"gb-grid-column gb-grid-column-d8d04eeb\"><div class=\"gb-container gb-container-d8d04eeb\"><div class=\"gb-inside-container\">\n\n<p><strong>Brandereignisse<\/strong>: <br><em>Alle Eins\u00e4tze, bei denen durch Feuer (best\u00e4tigt\/unbest\u00e4tigt) das Leben von Menschen\/ Tieren, die Umwelt oder Sachwerte bedroht sind;<\/em><\/p>\n\n\n\n<p><strong>Elementarereignisse<\/strong>:<br><em>Alle Eins\u00e4tze, bei denen durch Hochwasser, Oberfl\u00e4chenwasser, Sturm, Hagel, Steinschlag, Erdrutsch, Murg\u00e4nge, Schneedruck, Erdbeben etc. das Leben von Menschen\/Tieren, die Umwelt oder Sachwerte bedroht sind;<\/em><\/p>\n\n\n\n<p><strong>Einst\u00fcrze<\/strong>: <br><em>Alle Eins\u00e4tze, bei denen durch einen Einsturz (Haus, Tiefgarage, Infrastruktur etc.) das Leben von Menschen\/Tieren, die Umwelt oder Sachwerte bedroht sind;<\/em><\/p>\n\n\n\n<p><strong>Unf\u00e4lle<\/strong>: <br><em>Alle Eins\u00e4tze, bei denen aufgrund eines Unfalls im Strassen, Schienen, Schifffahrts , Flugverkehr oder aufgrund einer anderweitigen Notlage (beispielsweise aufgrund einer Explosion) das Leben von Menschen\/Tieren, die Umwelt oder Sachwerte bedroht sind \u2013 sofern keine andere Organisation daf\u00fcr zust\u00e4ndig ist;<\/em><\/p>\n\n\n\n<p><strong>ABC-Ereignisse<\/strong>: <em><br>Alle Eins\u00e4tze, bei denen atomare, biologische oder chemische Gefahren das Leben von Menschen\/Tieren oder die Umwelt bedrohen.<\/em><\/p>\n\n<\/div><\/div><\/div>\n<\/div>\n<\/div><\/div>\n<\/div><\/div>\n\n<div class=\"gb-container gb-container-88d6b567 alignfull\"><div class=\"gb-inside-container\">\n\n<div class=\"wp-block-cover alignfull is-light has-parallax wp-duotone-varu002du002dglobal-color-12-varu002du002dcontrast-2-1\"><div class=\"wp-block-cover__image-background wp-image-499 has-parallax\" style=\"background-position:50% 50%;background-image:url(https:\/\/feuerwehr-see.ch\/wp-content\/uploads\/2022\/09\/AdobeStock_487547492_web_paralax-scaled.jpg)\"><\/div><span aria-hidden=\"true\" class=\"wp-block-cover__background has-background-dim-0 has-background-dim\"><\/span><div class=\"wp-block-cover__inner-container is-layout-flow wp-block-cover-is-layout-flow\">\n<p class=\"has-text-align-center has-large-font-size\"><\/p>\n<\/div><\/div>\n\n<\/div><\/div>\n\n<div class=\"gb-container gb-container-f4beace5\"><div class=\"gb-inside-container\">\n<div class=\"gb-grid-wrapper gb-grid-wrapper-2e570c3b\">\n<div class=\"gb-grid-column gb-grid-column-b2bdfacf\"><div class=\"gb-container gb-container-b2bdfacf\"><div class=\"gb-inside-container\">\n\n<h2 class=\"wp-block-heading\">Eins\u00e4tze<\/h2>\n\n\n\n<p>Wir informieren Sie immer \u00fcber unsere aktuellen Eins\u00e4tze.<\/p>\n\n\n<div class=\"gb-container gb-container-df986e6e\"><div class=\"gb-inside-container\">\n\n\n<\/div><\/div>\n<\/div><\/div><\/div>\n\n<div class=\"gb-grid-column gb-grid-column-3b608734\"><div class=\"gb-container gb-container-3b608734\"><div class=\"gb-inside-container\">\n\n<figure class=\"wp-block-image size-full\"><img loading=\"lazy\" decoding=\"async\" width=\"900\" height=\"600\" src=\"https:\/\/feuerwehr-see.ch\/wp-content\/uploads\/2022\/08\/IMG_3140_feuerwehrauto_900px.jpg\" alt=\"\" class=\"wp-image-166\" srcset=\"https:\/\/feuerwehr-see.ch\/wp-content\/uploads\/2022\/08\/IMG_3140_feuerwehrauto_900px.jpg 900w, https:\/\/feuerwehr-see.ch\/wp-content\/uploads\/2022\/08\/IMG_3140_feuerwehrauto_900px-300x200.jpg 300w, https:\/\/feuerwehr-see.ch\/wp-content\/uploads\/2022\/08\/IMG_3140_feuerwehrauto_900px-768x512.jpg 768w\" sizes=\"auto, (max-width: 900px) 100vw, 900px\" \/><\/figure>\n\n<\/div><\/div><\/div>\n<\/div>\n<\/div><\/div>","protected":false},"excerpt":{"rendered":"","protected":false},"author":1,"featured_media":0,"parent":0,"menu_order":0,"comment_status":"closed","ping_status":"closed","template":"","meta":{"advgb_blocks_editor_width":"","advgb_blocks_columns_visual_guide":"","footnotes":""},"class_list":["post-188","page","type-page","status-publish"],"coauthors":[],"author_meta":{"author_link":"https:\/\/feuerwehr-see.ch\/de\/author\/seelac20\/","display_name":"Seelac20"},"relative_dates":{"created":"Posted 4\u00a0Jahren ago","modified":"Updated 5\u00a0Monaten ago"},"absolute_dates":{"created":"Posted on 15. August 2022","modified":"Updated on 25. November 2025"},"absolute_dates_time":{"created":"Posted on 15. August 2022 12:46","modified":"Updated on 25. November 2025 8:32"},"featured_img_caption":"","featured_img":false,"series_order":"","_links":{"self":[{"href":"https:\/\/feuerwehr-see.ch\/de\/wp-json\/wp\/v2\/pages\/188","targetHints":{"allow":["GET"]}}],"collection":[{"href":"https:\/\/feuerwehr-see.ch\/de\/wp-json\/wp\/v2\/pages"}],"about":[{"href":"https:\/\/feuerwehr-see.ch\/de\/wp-json\/wp\/v2\/types\/page"}],"author":[{"embeddable":true,"href":"https:\/\/feuerwehr-see.ch\/de\/wp-json\/wp\/v2\/users\/1"}],"replies":[{"embeddable":true,"href":"https:\/\/feuerwehr-see.ch\/de\/wp-json\/wp\/v2\/comments?post=188"}],"version-history":[{"count":21,"href":"https:\/\/feuerwehr-see.ch\/de\/wp-json\/wp\/v2\/pages\/188\/revisions"}],"predecessor-version":[{"id":1108,"href":"https:\/\/feuerwehr-see.ch\/de\/wp-json\/wp\/v2\/pages\/188\/revisions\/1108"}],"wp:attachment":[{"href":"https:\/\/feuerwehr-see.ch\/de\/wp-json\/wp\/v2\/media?parent=188"}],"curies":[{"name":"wp","href":"https:\/\/api.w.org\/{rel}","templated":true}]}}